{"id":257,"date":"2018-12-04T15:11:00","date_gmt":"2018-12-04T15:11:00","guid":{"rendered":"http:\/\/ensenyament-aprenentatge-dig.recursos.uoc.edu\/teoria\/?page_id=257"},"modified":"2018-12-11T15:18:05","modified_gmt":"2018-12-11T15:18:05","slug":"2-2-4-teorias-sobre-el-aprendizaje","status":"publish","type":"page","link":"http:\/\/ensenyament-aprenentatge-dig.recursos.uoc.edu\/teoria\/es\/2-2-4-teorias-sobre-el-aprendizaje\/","title":{"rendered":"2.2.4. Teor\u00edas sobre el aprendizaje"},"content":{"rendered":"<p>Muchos de los paradigmas psicopedag\u00f3gicos convencionales se han hecho obsoletos o tienen dificultades serias para entender la vor\u00e1gine de cambios que tienen lugar en el mundo educativo y en la sociedad en general. Para analizar los cambios en los procesos de ense\u00f1anza y aprendizaje en la era digital, es necesario que nos planteemos\u00a0<strong>nuevos interrogantes <\/strong>y busquemos\u00a0<strong>nuevas respuestas<\/strong>.<\/p>\n<p>As\u00ed, en los \u00faltimos a\u00f1os se han desarrollado <strong>nuevas perspectivas y modelos te\u00f3ricos\u00a0<\/strong>para analizar los nuevos escenarios educativos e identificar las mejores estrategias para optimizar los procesos de ense\u00f1anza y aprendizaje en un contexto en transformaci\u00f3n, lleno de retos y oportunidades. En este sentido, destaca el <strong>conectivismo\u00a0<\/strong>(Siemens, 2006) como una nueva teor\u00eda del aprendizaje que pretende superar las limitaciones de los anteriores paradigmas a la hora de dar cuenta de c\u00f3mo aprendemos en la era digital. Desde este marco te\u00f3rico, se pone el foco en el papel clave de las redes y las conexiones a la hora de generar y distribuir el conocimiento.<\/p>\n<p>Otros paradigmas ya existentes, como por ejemplo el <strong>construccionismo<\/strong>, mantienen su vigencia pero se han tenido que esforzar en repensar y actualizar algunos de sus planteamientos para dar respuesta a los nuevos interrogantes y oportunidades, poniendo m\u00e1s el acento en la dimensi\u00f3n social del aprendizaje. Asimismo, el <strong>interaccionismo simb\u00f3lico<\/strong>, que busca comprender las relaciones sociales centr\u00e1ndose en la comunicaci\u00f3n humana, gana protagonismo en un momento en el que el aprendizaje se produce, cada vez m\u00e1s, a trav\u00e9s de la interacci\u00f3n entre los usuarios y por medio de las redes sociales y otros entornos colaborativos.<\/p>\n","protected":false},"excerpt":{"rendered":"<p>Muchos de los paradigmas psicopedag\u00f3gicos convencionales se han hecho obsoletos o tienen dificultades serias para entender la vor\u00e1gine de cambios que tienen lugar en el mundo educativo y en la sociedad en general. Para analizar los cambios en los procesos de ense\u00f1anza y aprendizaje en la era digital, es necesario que nos planteemos\u00a0nuevos interrogantes y [&hellip;]<\/p>\n","protected":false},"author":1,"featured_media":0,"parent":0,"menu_order":7,"comment_status":"closed","ping_status":"closed","template":"","meta":[],"_links":{"self":[{"href":"http:\/\/ensenyament-aprenentatge-dig.recursos.uoc.edu\/teoria\/es\/wp-json\/wp\/v2\/pages\/257"}],"collection":[{"href":"http:\/\/ensenyament-aprenentatge-dig.recursos.uoc.edu\/teoria\/es\/wp-json\/wp\/v2\/pages"}],"about":[{"href":"http:\/\/ensenyament-aprenentatge-dig.recursos.uoc.edu\/teoria\/es\/wp-json\/wp\/v2\/types\/page"}],"author":[{"embeddable":true,"href":"http:\/\/ensenyament-aprenentatge-dig.recursos.uoc.edu\/teoria\/es\/wp-json\/wp\/v2\/users\/1"}],"replies":[{"embeddable":true,"href":"http:\/\/ensenyament-aprenentatge-dig.recursos.uoc.edu\/teoria\/es\/wp-json\/wp\/v2\/comments?post=257"}],"version-history":[{"count":2,"href":"http:\/\/ensenyament-aprenentatge-dig.recursos.uoc.edu\/teoria\/es\/wp-json\/wp\/v2\/pages\/257\/revisions"}],"predecessor-version":[{"id":422,"href":"http:\/\/ensenyament-aprenentatge-dig.recursos.uoc.edu\/teoria\/es\/wp-json\/wp\/v2\/pages\/257\/revisions\/422"}],"wp:attachment":[{"href":"http:\/\/ensenyament-aprenentatge-dig.recursos.uoc.edu\/teoria\/es\/wp-json\/wp\/v2\/media?parent=257"}],"curies":[{"name":"wp","href":"https:\/\/api.w.org\/{rel}","templated":true}]}}