{"id":251,"date":"2018-12-04T15:05:18","date_gmt":"2018-12-04T15:05:18","guid":{"rendered":"http:\/\/ensenyament-aprenentatge-dig.recursos.uoc.edu\/teoria\/?page_id=251"},"modified":"2018-12-04T15:06:08","modified_gmt":"2018-12-04T15:06:08","slug":"2-2-1-introduccion","status":"publish","type":"page","link":"http:\/\/ensenyament-aprenentatge-dig.recursos.uoc.edu\/teoria\/es\/2-2-1-introduccion\/","title":{"rendered":"2.2.1. Introducci\u00f3n"},"content":{"rendered":"<p>La incorporaci\u00f3n de las tecnolog\u00edas digitales en el mundo educativo es un proceso vivo y cambiante. Tiende a evolucionar de manera acelerada, en sinton\u00eda con los avances tecnol\u00f3gicos que nos proveen continuamente de nuevos dispositivos, servicios, recursos y prestaciones. Esta evoluci\u00f3n tecnol\u00f3gica favorece <strong>nuevos escenarios educativos<\/strong>, en los cuales entran en juego nuevas maneras de entender y desarrollar los procesos de ense\u00f1anza y aprendizaje.<\/p>\n<p>M\u00e1s concretamente, los cambios profundos y acelerados que vive el mundo educativo en la era digital se manifiestan en tres componentes distintos, que interact\u00faan y se influyen de manera rec\u00edproca: las <strong>tecnolog\u00edas digitales<\/strong>, las <strong>metodolog\u00edas did\u00e1cticas\u00a0<\/strong>y las <strong>teor\u00edas sobre el aprendizaje<\/strong>.<\/p>\n","protected":false},"excerpt":{"rendered":"<p>La incorporaci\u00f3n de las tecnolog\u00edas digitales en el mundo educativo es un proceso vivo y cambiante. Tiende a evolucionar de manera acelerada, en sinton\u00eda con los avances tecnol\u00f3gicos que nos proveen continuamente de nuevos dispositivos, servicios, recursos y prestaciones. Esta evoluci\u00f3n tecnol\u00f3gica favorece nuevos escenarios educativos, en los cuales entran en juego nuevas maneras de [&hellip;]<\/p>\n","protected":false},"author":1,"featured_media":0,"parent":0,"menu_order":4,"comment_status":"closed","ping_status":"closed","template":"","meta":[],"_links":{"self":[{"href":"http:\/\/ensenyament-aprenentatge-dig.recursos.uoc.edu\/teoria\/es\/wp-json\/wp\/v2\/pages\/251"}],"collection":[{"href":"http:\/\/ensenyament-aprenentatge-dig.recursos.uoc.edu\/teoria\/es\/wp-json\/wp\/v2\/pages"}],"about":[{"href":"http:\/\/ensenyament-aprenentatge-dig.recursos.uoc.edu\/teoria\/es\/wp-json\/wp\/v2\/types\/page"}],"author":[{"embeddable":true,"href":"http:\/\/ensenyament-aprenentatge-dig.recursos.uoc.edu\/teoria\/es\/wp-json\/wp\/v2\/users\/1"}],"replies":[{"embeddable":true,"href":"http:\/\/ensenyament-aprenentatge-dig.recursos.uoc.edu\/teoria\/es\/wp-json\/wp\/v2\/comments?post=251"}],"version-history":[{"count":1,"href":"http:\/\/ensenyament-aprenentatge-dig.recursos.uoc.edu\/teoria\/es\/wp-json\/wp\/v2\/pages\/251\/revisions"}],"predecessor-version":[{"id":252,"href":"http:\/\/ensenyament-aprenentatge-dig.recursos.uoc.edu\/teoria\/es\/wp-json\/wp\/v2\/pages\/251\/revisions\/252"}],"wp:attachment":[{"href":"http:\/\/ensenyament-aprenentatge-dig.recursos.uoc.edu\/teoria\/es\/wp-json\/wp\/v2\/media?parent=251"}],"curies":[{"name":"wp","href":"https:\/\/api.w.org\/{rel}","templated":true}]}}